{"id":30,"date":"2025-08-21T17:37:55","date_gmt":"2025-08-21T17:37:55","guid":{"rendered":"https:\/\/embrapol.com.br\/?page_id=30"},"modified":"2025-08-21T18:25:41","modified_gmt":"2025-08-21T18:25:41","slug":"pagina-inicial","status":"publish","type":"page","link":"https:\/\/embrapol.com.br\/","title":{"rendered":"P\u00e1gina Inicial"},"content":{"rendered":"\r\n<div class=\"wp-block-cover alignfull has-white-background-color has-background-dim hestia-clear-top-padding\">\r\n<div class=\"wp-block-cover__inner-container is-layout-flow wp-block-cover-is-layout-flow\">\r\n<h2 class=\"has-text-align-center has-text-color wp-block-heading\" style=\"color: #3c4858;\">Principais Linhas<\/h2>\r\n\r\n\r\n\r\n<div style=\"height: 40px;\" aria-hidden=\"true\" class=\"wp-block-spacer\"><\/div>\r\n\r\n\r\n\r\n<div class=\"wp-block-columns container is-layout-flex wp-container-core-columns-is-layout-28f84493 wp-block-columns-is-layout-flex\">\r\n<div class=\"wp-block-column is-layout-flow wp-block-column-is-layout-flow\">\r\n<div class=\"wp-block-image\">\r\n<figure class=\"aligncenter size-large\"><img decoding=\"async\" src=\"https:\/\/embrapol.com.br\/wp-content\/themes\/hestia\/assets\/img\/feat1.png\" alt=\"\" class=\"wp-image-70\" \/><\/figure>\r\n<\/div>\r\n\r\n\r\n\r\n<h5 class=\"has-text-align-center has-text-color wp-block-heading\" style=\"color: #3c4858; font-size: 18px;\">Poli\u00e9ster Insaturado<\/h5>\r\n\r\n\r\n\r\n<p class=\"has-text-align-center has-text-color\" style=\"color: #999999; font-size: 14px;\">As resinas poli\u00e9ster Embrapol s\u00e3o produzidas com tecnologia avan\u00e7ada para promover alto desempenho e atender aos mais elevados padr\u00f5es da ind\u00fastria de Composites.<\/p>\r\n\r\n\r\n\r\n<div style=\"height: 25px;\" aria-hidden=\"true\" class=\"wp-block-spacer\"><\/div>\r\n<\/div>\r\n\r\n\r\n\r\n<div class=\"wp-block-column is-layout-flow wp-block-column-is-layout-flow\">\r\n<div class=\"wp-block-image\">\r\n<figure class=\"aligncenter size-large\"><img decoding=\"async\" src=\"https:\/\/embrapol.com.br\/wp-content\/themes\/hestia\/assets\/img\/feat2.png\" alt=\"\" class=\"wp-image-71\" \/><\/figure>\r\n<\/div>\r\n\r\n\r\n\r\n<h5 class=\"has-text-align-center has-text-color wp-block-heading\" style=\"color: #3c4858; font-size: 18px;\">Gelcoat<\/h5>\r\n\r\n\r\n\r\n<p class=\"has-text-align-center has-text-color\" style=\"color: #999999; font-size: 14px;\">O gelcoat Embracoat da Embrapol \u00e9 produzido em uma extensa variedade de formula\u00e7\u00f5es e cores para uma ampla gama de aplica\u00e7\u00f5es.<\/p>\r\n\r\n\r\n\r\n<div style=\"height: 25px;\" aria-hidden=\"true\" class=\"wp-block-spacer\"><\/div>\r\n<\/div>\r\n\r\n\r\n\r\n<div class=\"wp-block-column is-layout-flow wp-block-column-is-layout-flow\">\r\n<div class=\"wp-block-image\">\r\n<figure class=\"aligncenter size-large\"><img decoding=\"async\" src=\"https:\/\/embrapol.com.br\/wp-content\/themes\/hestia\/assets\/img\/feat3.png\" alt=\"\" class=\"wp-image-72\" \/><\/figure>\r\n<\/div>\r\n\r\n\r\n\r\n<h5 class=\"has-text-align-center has-text-color wp-block-heading\" style=\"color: #3c4858; font-size: 18px;\">Certifica\u00e7\u00f5es<\/h5>\r\n\r\n\r\n\r\n<p class=\"has-text-align-center has-text-color\" style=\"color: #999999; font-size: 14px;\">A Induspol tem como objetivo consolidar-se como refer\u00eancia no mercado de composites, atuando atrav\u00e9s de um profundo conhecimento dos clientes e de seus neg\u00f3cios.<\/p>\r\n\r\n\r\n\r\n<div style=\"height: 25px;\" aria-hidden=\"true\" class=\"wp-block-spacer\"><\/div>\r\n<\/div>\r\n<\/div>\r\n\r\n\r\n\r\n<div style=\"height: 40px;\" aria-hidden=\"true\" class=\"wp-block-spacer\"><\/div>\r\n<\/div>\r\n<\/div>\r\n\r\n\r\n\r\n<div class=\"wp-block-columns container is-layout-flex wp-container-core-columns-is-layout-28f84493 wp-block-columns-is-layout-flex\">\r\n<div class=\"wp-block-column col-md-5 is-layout-flow wp-block-column-is-layout-flow\">\r\n<div style=\"height: 55px;\" aria-hidden=\"true\" class=\"wp-block-spacer\"><\/div>\r\n\r\n\r\n\r\n<h2 class=\"wp-block-heading\">Sobre n\u00f3s<\/h2>\r\n\r\n\r\n\r\n<p>A EMBRAPOL, marca registrada da INDUSPOL Ind\u00fastria e Com\u00e9rcio de Pol\u00edmeros Ltda, foi fundada em 1985. Sentindo a crescente expans\u00e3o e o grande mercado que poderia ter num futuro a curto prazo, empenhou-se na fabrica\u00e7\u00e3o de poli\u00e9ster insaturado ortoft\u00e1lica e isoft\u00e1lica.<\/p>\r\n<\/div>\r\n<div class=\"wp-block-column col-md-6 col-md-offset1\">\r\n<div style=\"height: 55px;\" aria-hidden=\"true\" class=\"wp-block-spacer\"><img loading=\"lazy\" decoding=\"async\" src=\"https:\/\/embrapol.com.br\/wp-content\/uploads\/2025\/08\/linha10000-768x384-1-300x150.jpg\" alt=\"\" width=\"300\" height=\"150\" class=\"size-medium wp-image-70 alignleft\" srcset=\"https:\/\/embrapol.com.br\/wp-content\/uploads\/2025\/08\/linha10000-768x384-1-300x150.jpg 300w, https:\/\/embrapol.com.br\/wp-content\/uploads\/2025\/08\/linha10000-768x384-1.jpg 768w\" sizes=\"auto, (max-width: 300px) 100vw, 300px\" \/><img loading=\"lazy\" decoding=\"async\" src=\"https:\/\/embrapol.com.br\/wp-content\/uploads\/2025\/08\/Epsilon-768x384-1-300x150.jpg\" alt=\"\" width=\"300\" height=\"150\" class=\"alignnone size-medium wp-image-73\" srcset=\"https:\/\/embrapol.com.br\/wp-content\/uploads\/2025\/08\/Epsilon-768x384-1-300x150.jpg 300w, https:\/\/embrapol.com.br\/wp-content\/uploads\/2025\/08\/Epsilon-768x384-1.jpg 768w\" sizes=\"auto, (max-width: 300px) 100vw, 300px\" \/><\/div>\r\n\r\n\r\n\r\n\r\n\r\n<p>&nbsp;<\/p>\r\n<\/div>\r\n<\/div>\r\n","protected":false},"excerpt":{"rendered":"<p>Sobre n\u00f3s A EMBRAPOL, marca registrada da INDUSPOL Ind\u00fastria e Com\u00e9rcio de Pol\u00edmeros Ltda, foi fundada em 1985. Sentindo a crescente expans\u00e3o e o grande mercado que poderia ter num futuro a curto prazo, empenhou-se na fabrica\u00e7\u00e3o de poli\u00e9ster insaturado ortoft\u00e1lica e isoft\u00e1lica. &nbsp;<\/p>\n","protected":false},"author":1,"featured_media":41,"parent":0,"menu_order":0,"comment_status":"closed","ping_status":"closed","template":"","meta":{"_themeisle_gutenberg_block_has_review":false,"footnotes":""},"class_list":["post-30","page","type-page","status-publish","has-post-thumbnail","hentry"],"_links":{"self":[{"href":"https:\/\/embrapol.com.br\/index.php\/wp-json\/wp\/v2\/pages\/30","targetHints":{"allow":["GET"]}}],"collection":[{"href":"https:\/\/embrapol.com.br\/index.php\/wp-json\/wp\/v2\/pages"}],"about":[{"href":"https:\/\/embrapol.com.br\/index.php\/wp-json\/wp\/v2\/types\/page"}],"author":[{"embeddable":true,"href":"https:\/\/embrapol.com.br\/index.php\/wp-json\/wp\/v2\/users\/1"}],"replies":[{"embeddable":true,"href":"https:\/\/embrapol.com.br\/index.php\/wp-json\/wp\/v2\/comments?post=30"}],"version-history":[{"count":11,"href":"https:\/\/embrapol.com.br\/index.php\/wp-json\/wp\/v2\/pages\/30\/revisions"}],"predecessor-version":[{"id":81,"href":"https:\/\/embrapol.com.br\/index.php\/wp-json\/wp\/v2\/pages\/30\/revisions\/81"}],"wp:featuredmedia":[{"embeddable":true,"href":"https:\/\/embrapol.com.br\/index.php\/wp-json\/wp\/v2\/media\/41"}],"wp:attachment":[{"href":"https:\/\/embrapol.com.br\/index.php\/wp-json\/wp\/v2\/media?parent=30"}],"curies":[{"name":"wp","href":"https:\/\/api.w.org\/{rel}","templated":true}]}}