{"id":31,"date":"2025-08-21T17:37:55","date_gmt":"2025-08-21T17:37:55","guid":{"rendered":"https:\/\/embrapol.com.br\/?page_id=31"},"modified":"2025-08-22T12:07:25","modified_gmt":"2025-08-22T12:07:25","slug":"contato","status":"publish","type":"page","link":"https:\/\/embrapol.com.br\/index.php\/contato\/","title":{"rendered":"Contato"},"content":{"rendered":"\r\n<div class=\"wp-block-columns alignfull is-layout-flex wp-container-core-columns-is-layout-28f84493 wp-block-columns-is-layout-flex\">\r\n<div class=\"wp-block-column is-layout-flow wp-block-column-is-layout-flow\">\r\n<div style=\"width: 100%;\"><iframe loading=\"lazy\" width=\"100%\" height=\"400\" frameborder=\"0\" scrolling=\"no\" marginheight=\"0\" marginwidth=\"0\" src=\"https:\/\/www.google.com\/maps\/embed\/v1\/place?q=rua%20municipal%2C%20422%20jandira&#038;key=AIzaSyBFw0Qbyq9zTFTd-tUY6dZWTgaQzuU17R8\";output=embed><\/iframe><\/div>\r\n\r\n\r\n\r\n<p>&nbsp;<\/p>\r\n<\/div>\r\n<\/div>\r\n\r\n\r\n\r\n<div class=\"wp-block-columns container is-layout-flex wp-container-core-columns-is-layout-28f84493 wp-block-columns-is-layout-flex\">\r\n<div class=\"wp-block-column is-vertically-aligned-center is-layout-flow wp-block-column-is-layout-flow\">\r\n<h2 class=\"hestia-title wp-block-heading\">Envie sua mensagem<\/h2>\r\n\r\n\r\n\r\n<div style=\"height: 40px;\" aria-hidden=\"true\" class=\"wp-block-spacer\"><\/div>\r\n\r\n\r\n\r\n<div class=\"contact-wrapper\">\r\n<div class=\"content\"><form>\r\n<div class=\"form-group\"><input type=\"text\" id=\"fname\" name=\"firstname\" placeholder=\"Seu primeiro nome..\" \/><\/div>\r\n<div class=\"form-group\"><input type=\"text\" id=\"lname\" name=\"lastname\" placeholder=\"Seu sobrenome..\" \/><\/div>\r\n<div class=\"form-group\"><textarea id=\"subject\" name=\"subject\" placeholder=\"Informe o assunto que voc\u00ea deseja tratar\" style=\"height: 200px;\"><\/textarea><\/div>\r\n<input type=\"submit\" value=\"Enviar\" \/><\/form><\/div>\r\n<\/div>\r\n<\/div>\r\n\r\n\r\n\r\n<div class=\"wp-block-column is-vertically-aligned-center is-layout-flow wp-block-column-is-layout-flow\">\r\n<div class=\"wp-block-columns is-layout-flex wp-container-core-columns-is-layout-28f84493 wp-block-columns-is-layout-flex\">\r\n<div class=\"wp-block-column is-layout-flow wp-block-column-is-layout-flow\"><\/div>\r\n\r\n\r\n\r\n<div class=\"wp-block-column is-layout-flow wp-block-column-is-layout-flow\" style=\"flex-basis: 50%;\">\r\n<h4 class=\"has-text-align-left hestia-title has-text-color wp-block-heading\" style=\"color: #79203b; font-size: 18px;\"><img decoding=\"async\" class=\"wp-image-86\" style=\"width: 25px;\" src=\"https:\/\/embrapol.com.br\/wp-content\/themes\/hestia\/assets\/img\/contact1.png\" alt=\"Map icon\" \/> <strong>Nossa Localiza\u00e7\u00e3o<\/strong><\/h4>\r\n\r\n\r\n\r\n<p class=\"has-text-align-left has-text-color\" style=\"color: #999999; font-size: 14px;\">Rua Municipal, 422<br \/>Jardim Alvorada<br \/>Jandira, SP<\/p>\r\n\r\n\r\n\r\n<div style=\"height: 40px;\" aria-hidden=\"true\" class=\"wp-block-spacer\"><\/div>\r\n\r\n\r\n\r\n<h4 class=\"has-text-align-left hestia-title has-text-color wp-block-heading\" style=\"color: #79203b; font-size: 18px;\"><img decoding=\"async\" class=\"wp-image-98\" style=\"width: 25px;\" src=\"https:\/\/embrapol.com.br\/wp-content\/themes\/hestia\/assets\/img\/contact2.png\" alt=\"\" \/> <strong><strong>Nossos contatos<\/strong><\/strong><\/h4>\r\n\r\n\r\n\r\n<p class=\"has-text-align-left has-text-color\" style=\"color: #999999; font-size: 14px;\"><span>11 2113-0166<\/span><br \/>contato@embrapol.com.br<br \/>Segunda \u00e0 Sexta a partir das 08:00 da manh\u00e3<\/p>\r\n\r\n\r\n\r\n<div style=\"height: 40px;\" aria-hidden=\"true\" class=\"wp-block-spacer\"><\/div>\r\n\r\n\r\n\r\n<h4 class=\"has-text-align-left hestia-title has-text-color wp-block-heading\" style=\"color: #79203b; font-size: 18px;\"><img decoding=\"async\" class=\"wp-image-105\" style=\"width: 25px;\" src=\"https:\/\/embrapol.com.br\/wp-content\/themes\/hestia\/assets\/img\/contact3.png\" alt=\"\" \/><strong> <strong>\u00c1rea Comercial<\/strong><\/strong><\/h4>\r\n\r\n\r\n\r\n<p class=\"has-text-align-left has-text-color\" style=\"color: #999999; font-size: 14px;\">11 2113-0166<br \/>vendas@embrapol.com.br<\/p>\r\n<\/div>\r\n\r\n\r\n\r\n<div class=\"wp-block-column is-layout-flow wp-block-column-is-layout-flow\"><\/div>\r\n<\/div>\r\n<\/div>\r\n<\/div>\r\n\r\n\r\n\r\n<p>&nbsp;<\/p>\r\n\r\n\r\n","protected":false},"excerpt":{"rendered":"<p>&nbsp; Envie sua mensagem Nossa Localiza\u00e7\u00e3o Rua Municipal, 422Jardim AlvoradaJandira, SP Nossos contatos 11 2113-0166contato@embrapol.com.brSegunda \u00e0 Sexta a partir das 08:00 da manh\u00e3 \u00c1rea Comercial 11 2113-0166vendas@embrapol.com.br &nbsp;<\/p>\n","protected":false},"author":1,"featured_media":23,"parent":0,"menu_order":0,"comment_status":"closed","ping_status":"closed","template":"page-templates\/template-pagebuilder-full-width.php","meta":{"_themeisle_gutenberg_block_has_review":false,"footnotes":""},"class_list":["post-31","page","type-page","status-publish","has-post-thumbnail","hentry"],"_links":{"self":[{"href":"https:\/\/embrapol.com.br\/index.php\/wp-json\/wp\/v2\/pages\/31","targetHints":{"allow":["GET"]}}],"collection":[{"href":"https:\/\/embrapol.com.br\/index.php\/wp-json\/wp\/v2\/pages"}],"about":[{"href":"https:\/\/embrapol.com.br\/index.php\/wp-json\/wp\/v2\/types\/page"}],"author":[{"embeddable":true,"href":"https:\/\/embrapol.com.br\/index.php\/wp-json\/wp\/v2\/users\/1"}],"replies":[{"embeddable":true,"href":"https:\/\/embrapol.com.br\/index.php\/wp-json\/wp\/v2\/comments?post=31"}],"version-history":[{"count":9,"href":"https:\/\/embrapol.com.br\/index.php\/wp-json\/wp\/v2\/pages\/31\/revisions"}],"predecessor-version":[{"id":97,"href":"https:\/\/embrapol.com.br\/index.php\/wp-json\/wp\/v2\/pages\/31\/revisions\/97"}],"wp:featuredmedia":[{"embeddable":true,"href":"https:\/\/embrapol.com.br\/index.php\/wp-json\/wp\/v2\/media\/23"}],"wp:attachment":[{"href":"https:\/\/embrapol.com.br\/index.php\/wp-json\/wp\/v2\/media?parent=31"}],"curies":[{"name":"wp","href":"https:\/\/api.w.org\/{rel}","templated":true}]}}